{"id":7,"date":"2024-09-15T11:49:16","date_gmt":"2024-09-15T09:49:16","guid":{"rendered":"https:\/\/praktik-chlumec.cz\/?page_id=7"},"modified":"2024-09-15T11:49:16","modified_gmt":"2024-09-15T09:49:16","slug":"mudr-jiri-kasperek","status":"publish","type":"page","link":"https:\/\/www.praktik-chlumec.cz\/","title":{"rendered":"MUDr. Ji\u0159\u00ed Ka\u0161perek"},"content":{"rendered":"\n<p>Praktick\u00fd l\u00e9ka\u0159 Chlumec &#8211; ordina\u010dn\u00ed doba<\/p>\n\n\n\n<figure class=\"wp-block-table\"><table class=\"has-fixed-layout\"><tbody><tr><td>Pond\u011bl\u00ed<\/td><td><\/td><td><\/td><\/tr><tr><td>\u00dater\u00fd<\/td><td><\/td><td><\/td><\/tr><tr><td>St\u0159eda<\/td><td><\/td><td><\/td><\/tr><tr><td>\u010ctvrtek<\/td><td><\/td><td><\/td><\/tr><tr><td>P\u00e1tek<\/td><td><\/td><td><\/td><\/tr><\/tbody><\/table><\/figure>\n\n\n\n<p><\/p>\n","protected":false},"excerpt":{"rendered":"<p>Praktick\u00fd l\u00e9ka\u0159 Chlumec &#8211; ordina\u010dn\u00ed doba Pond\u011bl\u00ed \u00dater\u00fd St\u0159eda \u010ctvrtek P\u00e1tek<\/p>\n","protected":false},"author":1,"featured_media":0,"parent":0,"menu_order":0,"comment_status":"closed","ping_status":"closed","template":"","meta":{"footnotes":""},"class_list":["post-7","page","type-page","status-publish","hentry"],"_links":{"self":[{"href":"https:\/\/www.praktik-chlumec.cz\/index.php?rest_route=\/wp\/v2\/pages\/7","targetHints":{"allow":["GET"]}}],"collection":[{"href":"https:\/\/www.praktik-chlumec.cz\/index.php?rest_route=\/wp\/v2\/pages"}],"about":[{"href":"https:\/\/www.praktik-chlumec.cz\/index.php?rest_route=\/wp\/v2\/types\/page"}],"author":[{"embeddable":true,"href":"https:\/\/www.praktik-chlumec.cz\/index.php?rest_route=\/wp\/v2\/users\/1"}],"replies":[{"embeddable":true,"href":"https:\/\/www.praktik-chlumec.cz\/index.php?rest_route=%2Fwp%2Fv2%2Fcomments&post=7"}],"version-history":[{"count":1,"href":"https:\/\/www.praktik-chlumec.cz\/index.php?rest_route=\/wp\/v2\/pages\/7\/revisions"}],"predecessor-version":[{"id":8,"href":"https:\/\/www.praktik-chlumec.cz\/index.php?rest_route=\/wp\/v2\/pages\/7\/revisions\/8"}],"wp:attachment":[{"href":"https:\/\/www.praktik-chlumec.cz\/index.php?rest_route=%2Fwp%2Fv2%2Fmedia&parent=7"}],"curies":[{"name":"wp","href":"https:\/\/api.w.org\/{rel}","templated":true}]}}